{"id":45,"date":"2021-06-04T19:39:41","date_gmt":"2021-06-04T17:39:41","guid":{"rendered":"http:\/\/xwlbexb.cluster028.hosting.ovh.net\/?page_id=45"},"modified":"2021-06-05T14:27:04","modified_gmt":"2021-06-05T12:27:04","slug":"leloge-des-concierges","status":"publish","type":"page","link":"http:\/\/www.cieminederien.fr\/index.php\/leloge-des-concierges\/","title":{"rendered":"L&rsquo;\u00c9loge des concierges"},"content":{"rendered":"\n<p><\/p>\n\n\n\n<figure class=\"wp-block-image size-large\"><img loading=\"lazy\" width=\"1024\" height=\"278\" src=\"http:\/\/xwlbexb.cluster028.hosting.ovh.net\/wp-content\/uploads\/2021\/06\/ElogeConcierges_Header-1024x278.png\" alt=\"\" class=\"wp-image-46\" srcset=\"http:\/\/www.cieminederien.fr\/wp-content\/uploads\/2021\/06\/ElogeConcierges_Header-1024x278.png 1024w, http:\/\/www.cieminederien.fr\/wp-content\/uploads\/2021\/06\/ElogeConcierges_Header-300x82.png 300w, http:\/\/www.cieminederien.fr\/wp-content\/uploads\/2021\/06\/ElogeConcierges_Header-768x209.png 768w, http:\/\/www.cieminederien.fr\/wp-content\/uploads\/2021\/06\/ElogeConcierges_Header-1536x418.png 1536w, http:\/\/www.cieminederien.fr\/wp-content\/uploads\/2021\/06\/ElogeConcierges_Header-2048x557.png 2048w\" sizes=\"(max-width: 1024px) 100vw, 1024px\" \/><\/figure>\n\n\n\n<p><strong>Berthe&nbsp;et Rose sont l\u00e0, \u201chas been\u201d of course comme leur profession, un peu allum\u00e9es et d\u00e9j\u00e0 largu\u00e9es&#8230;???<\/strong><br><strong>Berthe se prend vaguement pour une intello et s&rsquo;appr\u00eate \u00e0 lib\u00e9rer sa place. Rose qui se remet non sans mal d&rsquo;un r\u00e9cent traumatisme cr\u00e2nien, est heureuse de la remplacer.<\/strong><br><strong>Cette passation de poste, en pr\u00e9sence de tous les locataires convi\u00e9s pour l&rsquo;occasion, va vite prendre des allures incontr\u00f4lables.<\/strong><br><strong>Berthe et Rose, se cherchent, se perdent, avec d\u00e9lectation au gr\u00e9 de leurs&nbsp; \u00e9lucubrations, et s\u2019enflamment tour \u00e0 tour sur la disparition des baleines, les d\u00e9g\u00e2ts d&rsquo;internet, l\u2019effilochement des liens&#8230;<\/strong><br><strong>Telles les divas d&rsquo;un jour elles s&rsquo;en donnent \u00e0&nbsp;c\u0153ur&nbsp;joie pour le plus grand plaisir de l&rsquo;assistance ! Une friandise \u00e0 d\u00e9guster sans mod\u00e9ration!&nbsp;<\/strong><\/p>\n\n\n\n<p>Duo d\u00e9lire. Mouture 2019.<br><br>DUO BURLESQUE &nbsp;&#8211; 60 MN -TOUT PUBLIC*<br>Mise en sc\u00e8ne: Pina BLANKEVOORT<br>Interpr\u00e8tes: Armelle JAMONAC et Val\u00e9rie BAUDOUIN&nbsp;&nbsp;<\/p>\n\n\n\n<hr class=\"wp-block-separator is-style-wide\"\/>\n\n\n\n<p><strong>Berthe and Rose are here, \u00ab\u00a0has been\u00a0\u00bb of course, just like their profession, a little mad and already past it &#8230; ???<\/strong><br><strong>Berthe vaguely fancies herself as an intellectual and is about to give up her place. Rose, who is recovering from a recent head trauma, is happy to replace her.<\/strong><br><strong>This transfer, in the presence of all tenants invited for the occasion, will quickly take on an uncontrollable pace. Berthe and Rose, look for and lose each other,&nbsp;&nbsp;with delight at the whim of their rantings, and are passionate about whale extinction, the damages of the internet, the fraying of social links &#8230;<\/strong><br><strong>Such divas for a day they play their heart out for the greatest pleasure of the audience!<\/strong><br><strong>A treat for everyone to enjoy without moderation &#8230;<\/strong><\/p>\n\n\n\n<p>Genre :&nbsp;Burlesque theater<br>Duration 60mn<br>ALL PUBLIC<\/p>\n\n\n\n<p><\/p>\n\n\n\n<figure class=\"wp-block-embed-youtube aligncenter wp-block-embed is-type-rich is-provider-prise-en-charge-des-contenus-embarques wp-embed-aspect-16-9 wp-has-aspect-ratio\"><div class=\"wp-block-embed__wrapper\">\n<div class=\"ast-oembed-container\"><iframe loading=\"lazy\" title=\"teaser L&#039;\u00c9LOGE DES CONCIERGES [Le spectacle]- Cie MINE DE RIEN\" width=\"500\" height=\"281\" src=\"https:\/\/www.youtube.com\/embed\/WNyuGYxy9ow?feature=oembed\" frameborder=\"0\" allow=\"accelerometer; autoplay; clipboard-write; encrypted-media; gyroscope; picture-in-picture\" allowfullscreen><\/iframe><\/div>\n<\/div><\/figure>\n\n\n\n<p><\/p>\n\n\n\n<h2>Galerie<\/h2>\n\n\n\n<p><\/p>\n\n\n\n<figure class=\"wp-container-2 wp-block-gallery-1 wp-block-gallery columns-3 is-cropped\"><ul class=\"blocks-gallery-grid\"><li class=\"blocks-gallery-item\"><figure><a href=\"http:\/\/xwlbexb.cluster028.hosting.ovh.net\/wp-content\/uploads\/2021\/06\/ec_3-1024x576.jpg\"><img loading=\"lazy\" width=\"1024\" height=\"576\" src=\"http:\/\/xwlbexb.cluster028.hosting.ovh.net\/wp-content\/uploads\/2021\/06\/ec_3-1024x576.jpg\" alt=\"\" data-id=\"49\" data-link=\"http:\/\/xwlbexb.cluster028.hosting.ovh.net\/?attachment_id=49\" class=\"wp-image-49\" srcset=\"http:\/\/www.cieminederien.fr\/wp-content\/uploads\/2021\/06\/ec_3-1024x576.jpg 1024w, http:\/\/www.cieminederien.fr\/wp-content\/uploads\/2021\/06\/ec_3-300x169.jpg 300w, http:\/\/www.cieminederien.fr\/wp-content\/uploads\/2021\/06\/ec_3-768x432.jpg 768w, http:\/\/www.cieminederien.fr\/wp-content\/uploads\/2021\/06\/ec_3-1536x864.jpg 1536w, http:\/\/www.cieminederien.fr\/wp-content\/uploads\/2021\/06\/ec_3.jpg 1920w\" sizes=\"(max-width: 1024px) 100vw, 1024px\" \/><\/a><\/figure><\/li><li class=\"blocks-gallery-item\"><figure><a href=\"http:\/\/xwlbexb.cluster028.hosting.ovh.net\/wp-content\/uploads\/2021\/06\/ec_4-1024x576.jpg\"><img loading=\"lazy\" width=\"1024\" height=\"576\" src=\"http:\/\/xwlbexb.cluster028.hosting.ovh.net\/wp-content\/uploads\/2021\/06\/ec_4-1024x576.jpg\" alt=\"\" data-id=\"50\" data-link=\"http:\/\/xwlbexb.cluster028.hosting.ovh.net\/?attachment_id=50\" class=\"wp-image-50\" srcset=\"http:\/\/www.cieminederien.fr\/wp-content\/uploads\/2021\/06\/ec_4-1024x576.jpg 1024w, http:\/\/www.cieminederien.fr\/wp-content\/uploads\/2021\/06\/ec_4-300x169.jpg 300w, http:\/\/www.cieminederien.fr\/wp-content\/uploads\/2021\/06\/ec_4-768x432.jpg 768w, http:\/\/www.cieminederien.fr\/wp-content\/uploads\/2021\/06\/ec_4-1536x864.jpg 1536w, http:\/\/www.cieminederien.fr\/wp-content\/uploads\/2021\/06\/ec_4.jpg 1920w\" sizes=\"(max-width: 1024px) 100vw, 1024px\" \/><\/a><\/figure><\/li><li class=\"blocks-gallery-item\"><figure><a href=\"http:\/\/xwlbexb.cluster028.hosting.ovh.net\/wp-content\/uploads\/2021\/06\/ec_5-1024x576.jpg\"><img loading=\"lazy\" width=\"1024\" height=\"576\" src=\"http:\/\/xwlbexb.cluster028.hosting.ovh.net\/wp-content\/uploads\/2021\/06\/ec_5-1024x576.jpg\" alt=\"\" data-id=\"51\" data-link=\"http:\/\/xwlbexb.cluster028.hosting.ovh.net\/?attachment_id=51\" class=\"wp-image-51\" srcset=\"http:\/\/www.cieminederien.fr\/wp-content\/uploads\/2021\/06\/ec_5-1024x576.jpg 1024w, http:\/\/www.cieminederien.fr\/wp-content\/uploads\/2021\/06\/ec_5-300x169.jpg 300w, http:\/\/www.cieminederien.fr\/wp-content\/uploads\/2021\/06\/ec_5-768x432.jpg 768w, http:\/\/www.cieminederien.fr\/wp-content\/uploads\/2021\/06\/ec_5-1536x864.jpg 1536w, http:\/\/www.cieminederien.fr\/wp-content\/uploads\/2021\/06\/ec_5.jpg 1920w\" sizes=\"(max-width: 1024px) 100vw, 1024px\" \/><\/a><\/figure><\/li><li class=\"blocks-gallery-item\"><figure><a href=\"http:\/\/xwlbexb.cluster028.hosting.ovh.net\/wp-content\/uploads\/2021\/06\/ec_6-1024x576.jpg\"><img loading=\"lazy\" width=\"1024\" height=\"576\" src=\"http:\/\/xwlbexb.cluster028.hosting.ovh.net\/wp-content\/uploads\/2021\/06\/ec_6-1024x576.jpg\" alt=\"\" data-id=\"52\" data-link=\"http:\/\/xwlbexb.cluster028.hosting.ovh.net\/?attachment_id=52\" class=\"wp-image-52\" srcset=\"http:\/\/www.cieminederien.fr\/wp-content\/uploads\/2021\/06\/ec_6-1024x576.jpg 1024w, http:\/\/www.cieminederien.fr\/wp-content\/uploads\/2021\/06\/ec_6-300x169.jpg 300w, http:\/\/www.cieminederien.fr\/wp-content\/uploads\/2021\/06\/ec_6-768x432.jpg 768w, http:\/\/www.cieminederien.fr\/wp-content\/uploads\/2021\/06\/ec_6-1536x864.jpg 1536w, http:\/\/www.cieminederien.fr\/wp-content\/uploads\/2021\/06\/ec_6.jpg 1920w\" sizes=\"(max-width: 1024px) 100vw, 1024px\" \/><\/a><\/figure><\/li><li class=\"blocks-gallery-item\"><figure><a href=\"http:\/\/xwlbexb.cluster028.hosting.ovh.net\/wp-content\/uploads\/2021\/06\/ec_7-1024x576.jpg\"><img loading=\"lazy\" width=\"1024\" height=\"576\" src=\"http:\/\/xwlbexb.cluster028.hosting.ovh.net\/wp-content\/uploads\/2021\/06\/ec_7-1024x576.jpg\" alt=\"\" data-id=\"53\" data-link=\"http:\/\/xwlbexb.cluster028.hosting.ovh.net\/?attachment_id=53\" class=\"wp-image-53\" srcset=\"http:\/\/www.cieminederien.fr\/wp-content\/uploads\/2021\/06\/ec_7-1024x576.jpg 1024w, http:\/\/www.cieminederien.fr\/wp-content\/uploads\/2021\/06\/ec_7-300x169.jpg 300w, http:\/\/www.cieminederien.fr\/wp-content\/uploads\/2021\/06\/ec_7-768x432.jpg 768w, http:\/\/www.cieminederien.fr\/wp-content\/uploads\/2021\/06\/ec_7-1536x864.jpg 1536w, http:\/\/www.cieminederien.fr\/wp-content\/uploads\/2021\/06\/ec_7.jpg 1920w\" sizes=\"(max-width: 1024px) 100vw, 1024px\" \/><\/a><\/figure><\/li><li class=\"blocks-gallery-item\"><figure><a href=\"http:\/\/xwlbexb.cluster028.hosting.ovh.net\/wp-content\/uploads\/2021\/06\/ec_8-1024x768.jpg\"><img loading=\"lazy\" width=\"1024\" height=\"768\" src=\"http:\/\/xwlbexb.cluster028.hosting.ovh.net\/wp-content\/uploads\/2021\/06\/ec_8-1024x768.jpg\" alt=\"\" data-id=\"54\" data-link=\"http:\/\/xwlbexb.cluster028.hosting.ovh.net\/?attachment_id=54\" class=\"wp-image-54\" srcset=\"http:\/\/www.cieminederien.fr\/wp-content\/uploads\/2021\/06\/ec_8-1024x768.jpg 1024w, http:\/\/www.cieminederien.fr\/wp-content\/uploads\/2021\/06\/ec_8-300x225.jpg 300w, http:\/\/www.cieminederien.fr\/wp-content\/uploads\/2021\/06\/ec_8-768x576.jpg 768w, http:\/\/www.cieminederien.fr\/wp-content\/uploads\/2021\/06\/ec_8-1536x1152.jpg 1536w, http:\/\/www.cieminederien.fr\/wp-content\/uploads\/2021\/06\/ec_8-2048x1536.jpg 2048w\" sizes=\"(max-width: 1024px) 100vw, 1024px\" \/><\/a><\/figure><\/li><li class=\"blocks-gallery-item\"><figure><a href=\"http:\/\/xwlbexb.cluster028.hosting.ovh.net\/wp-content\/uploads\/2021\/06\/ec_9-1024x768.jpg\"><img loading=\"lazy\" width=\"1024\" height=\"768\" src=\"http:\/\/xwlbexb.cluster028.hosting.ovh.net\/wp-content\/uploads\/2021\/06\/ec_9-1024x768.jpg\" alt=\"\" data-id=\"55\" data-link=\"http:\/\/xwlbexb.cluster028.hosting.ovh.net\/?attachment_id=55\" class=\"wp-image-55\" srcset=\"http:\/\/www.cieminederien.fr\/wp-content\/uploads\/2021\/06\/ec_9-1024x768.jpg 1024w, http:\/\/www.cieminederien.fr\/wp-content\/uploads\/2021\/06\/ec_9-300x225.jpg 300w, http:\/\/www.cieminederien.fr\/wp-content\/uploads\/2021\/06\/ec_9-768x576.jpg 768w, http:\/\/www.cieminederien.fr\/wp-content\/uploads\/2021\/06\/ec_9-1536x1152.jpg 1536w, http:\/\/www.cieminederien.fr\/wp-content\/uploads\/2021\/06\/ec_9-2048x1536.jpg 2048w\" sizes=\"(max-width: 1024px) 100vw, 1024px\" \/><\/a><\/figure><\/li><li class=\"blocks-gallery-item\"><figure><a href=\"http:\/\/xwlbexb.cluster028.hosting.ovh.net\/wp-content\/uploads\/2021\/06\/ec_10-1024x768.jpg\"><img loading=\"lazy\" width=\"1024\" height=\"768\" src=\"http:\/\/xwlbexb.cluster028.hosting.ovh.net\/wp-content\/uploads\/2021\/06\/ec_10-1024x768.jpg\" alt=\"\" data-id=\"56\" data-link=\"http:\/\/xwlbexb.cluster028.hosting.ovh.net\/?attachment_id=56\" class=\"wp-image-56\" srcset=\"http:\/\/www.cieminederien.fr\/wp-content\/uploads\/2021\/06\/ec_10-1024x768.jpg 1024w, http:\/\/www.cieminederien.fr\/wp-content\/uploads\/2021\/06\/ec_10-300x225.jpg 300w, http:\/\/www.cieminederien.fr\/wp-content\/uploads\/2021\/06\/ec_10-768x576.jpg 768w, http:\/\/www.cieminederien.fr\/wp-content\/uploads\/2021\/06\/ec_10-1536x1152.jpg 1536w, http:\/\/www.cieminederien.fr\/wp-content\/uploads\/2021\/06\/ec_10-2048x1536.jpg 2048w\" sizes=\"(max-width: 1024px) 100vw, 1024px\" \/><\/a><\/figure><\/li><li class=\"blocks-gallery-item\"><figure><a href=\"http:\/\/xwlbexb.cluster028.hosting.ovh.net\/wp-content\/uploads\/2021\/06\/ec_11-1024x498.jpg\"><img loading=\"lazy\" width=\"1024\" height=\"498\" src=\"http:\/\/xwlbexb.cluster028.hosting.ovh.net\/wp-content\/uploads\/2021\/06\/ec_11-1024x498.jpg\" alt=\"\" data-id=\"57\" data-link=\"http:\/\/xwlbexb.cluster028.hosting.ovh.net\/?attachment_id=57\" class=\"wp-image-57\" srcset=\"http:\/\/www.cieminederien.fr\/wp-content\/uploads\/2021\/06\/ec_11-1024x498.jpg 1024w, http:\/\/www.cieminederien.fr\/wp-content\/uploads\/2021\/06\/ec_11-300x146.jpg 300w, http:\/\/www.cieminederien.fr\/wp-content\/uploads\/2021\/06\/ec_11-768x373.jpg 768w, http:\/\/www.cieminederien.fr\/wp-content\/uploads\/2021\/06\/ec_11-1536x747.jpg 1536w, http:\/\/www.cieminederien.fr\/wp-content\/uploads\/2021\/06\/ec_11-2048x996.jpg 2048w\" sizes=\"(max-width: 1024px) 100vw, 1024px\" \/><\/a><\/figure><\/li><li class=\"blocks-gallery-item\"><figure><a href=\"http:\/\/xwlbexb.cluster028.hosting.ovh.net\/wp-content\/uploads\/2021\/06\/ec_12-1024x768.jpg\"><img loading=\"lazy\" width=\"1024\" height=\"768\" src=\"http:\/\/xwlbexb.cluster028.hosting.ovh.net\/wp-content\/uploads\/2021\/06\/ec_12-1024x768.jpg\" alt=\"\" data-id=\"58\" data-link=\"http:\/\/xwlbexb.cluster028.hosting.ovh.net\/?attachment_id=58\" class=\"wp-image-58\" srcset=\"http:\/\/www.cieminederien.fr\/wp-content\/uploads\/2021\/06\/ec_12-1024x768.jpg 1024w, http:\/\/www.cieminederien.fr\/wp-content\/uploads\/2021\/06\/ec_12-300x225.jpg 300w, http:\/\/www.cieminederien.fr\/wp-content\/uploads\/2021\/06\/ec_12-768x576.jpg 768w, http:\/\/www.cieminederien.fr\/wp-content\/uploads\/2021\/06\/ec_12-1536x1152.jpg 1536w, http:\/\/www.cieminederien.fr\/wp-content\/uploads\/2021\/06\/ec_12-2048x1536.jpg 2048w\" sizes=\"(max-width: 1024px) 100vw, 1024px\" \/><\/a><\/figure><\/li><li class=\"blocks-gallery-item\"><figure><a href=\"http:\/\/xwlbexb.cluster028.hosting.ovh.net\/wp-content\/uploads\/2021\/06\/ec_13-1024x768.jpg\"><img loading=\"lazy\" width=\"1024\" height=\"768\" src=\"http:\/\/xwlbexb.cluster028.hosting.ovh.net\/wp-content\/uploads\/2021\/06\/ec_13-1024x768.jpg\" alt=\"\" data-id=\"59\" data-link=\"http:\/\/xwlbexb.cluster028.hosting.ovh.net\/?attachment_id=59\" class=\"wp-image-59\" srcset=\"http:\/\/www.cieminederien.fr\/wp-content\/uploads\/2021\/06\/ec_13-1024x768.jpg 1024w, http:\/\/www.cieminederien.fr\/wp-content\/uploads\/2021\/06\/ec_13-300x225.jpg 300w, http:\/\/www.cieminederien.fr\/wp-content\/uploads\/2021\/06\/ec_13-768x576.jpg 768w, http:\/\/www.cieminederien.fr\/wp-content\/uploads\/2021\/06\/ec_13-1536x1152.jpg 1536w, http:\/\/www.cieminederien.fr\/wp-content\/uploads\/2021\/06\/ec_13-2048x1536.jpg 2048w\" sizes=\"(max-width: 1024px) 100vw, 1024px\" \/><\/a><\/figure><\/li><li class=\"blocks-gallery-item\"><figure><a href=\"http:\/\/xwlbexb.cluster028.hosting.ovh.net\/wp-content\/uploads\/2021\/06\/ec_14-1024x768.jpg\"><img loading=\"lazy\" width=\"1024\" height=\"768\" src=\"http:\/\/xwlbexb.cluster028.hosting.ovh.net\/wp-content\/uploads\/2021\/06\/ec_14-1024x768.jpg\" alt=\"\" data-id=\"60\" data-link=\"http:\/\/xwlbexb.cluster028.hosting.ovh.net\/?attachment_id=60\" class=\"wp-image-60\" srcset=\"http:\/\/www.cieminederien.fr\/wp-content\/uploads\/2021\/06\/ec_14-1024x768.jpg 1024w, http:\/\/www.cieminederien.fr\/wp-content\/uploads\/2021\/06\/ec_14-300x225.jpg 300w, http:\/\/www.cieminederien.fr\/wp-content\/uploads\/2021\/06\/ec_14-768x576.jpg 768w, http:\/\/www.cieminederien.fr\/wp-content\/uploads\/2021\/06\/ec_14-1536x1152.jpg 1536w, http:\/\/www.cieminederien.fr\/wp-content\/uploads\/2021\/06\/ec_14-2048x1536.jpg 2048w\" sizes=\"(max-width: 1024px) 100vw, 1024px\" \/><\/a><\/figure><\/li><li class=\"blocks-gallery-item\"><figure><a href=\"http:\/\/xwlbexb.cluster028.hosting.ovh.net\/wp-content\/uploads\/2021\/06\/edc_15.jpg\"><img loading=\"lazy\" width=\"768\" height=\"1024\" src=\"http:\/\/xwlbexb.cluster028.hosting.ovh.net\/wp-content\/uploads\/2021\/06\/edc_15-768x1024.jpg\" alt=\"\" data-id=\"132\" data-full-url=\"http:\/\/xwlbexb.cluster028.hosting.ovh.net\/wp-content\/uploads\/2021\/06\/edc_15.jpg\" data-link=\"http:\/\/xwlbexb.cluster028.hosting.ovh.net\/index.php\/leloge-des-concierges\/edc_15\/\" class=\"wp-image-132\" srcset=\"http:\/\/www.cieminederien.fr\/wp-content\/uploads\/2021\/06\/edc_15-768x1024.jpg 768w, http:\/\/www.cieminederien.fr\/wp-content\/uploads\/2021\/06\/edc_15-225x300.jpg 225w, http:\/\/www.cieminederien.fr\/wp-content\/uploads\/2021\/06\/edc_15.jpg 800w\" sizes=\"(max-width: 768px) 100vw, 768px\" \/><\/a><\/figure><\/li><li class=\"blocks-gallery-item\"><figure><a href=\"http:\/\/xwlbexb.cluster028.hosting.ovh.net\/wp-content\/uploads\/2021\/06\/edc_16-scaled.jpg\"><img loading=\"lazy\" width=\"1024\" height=\"498\" src=\"http:\/\/xwlbexb.cluster028.hosting.ovh.net\/wp-content\/uploads\/2021\/06\/edc_16-1024x498.jpg\" alt=\"\" data-id=\"133\" data-full-url=\"http:\/\/xwlbexb.cluster028.hosting.ovh.net\/wp-content\/uploads\/2021\/06\/edc_16-scaled.jpg\" data-link=\"http:\/\/xwlbexb.cluster028.hosting.ovh.net\/index.php\/leloge-des-concierges\/edc_16\/\" class=\"wp-image-133\" srcset=\"http:\/\/www.cieminederien.fr\/wp-content\/uploads\/2021\/06\/edc_16-1024x498.jpg 1024w, http:\/\/www.cieminederien.fr\/wp-content\/uploads\/2021\/06\/edc_16-300x146.jpg 300w, http:\/\/www.cieminederien.fr\/wp-content\/uploads\/2021\/06\/edc_16-768x373.jpg 768w, http:\/\/www.cieminederien.fr\/wp-content\/uploads\/2021\/06\/edc_16-1536x747.jpg 1536w, http:\/\/www.cieminederien.fr\/wp-content\/uploads\/2021\/06\/edc_16-2048x996.jpg 2048w\" sizes=\"(max-width: 1024px) 100vw, 1024px\" \/><\/a><\/figure><\/li><li class=\"blocks-gallery-item\"><figure><a href=\"http:\/\/xwlbexb.cluster028.hosting.ovh.net\/wp-content\/uploads\/2021\/06\/edc_17.jpg\"><img loading=\"lazy\" width=\"743\" height=\"1024\" src=\"http:\/\/xwlbexb.cluster028.hosting.ovh.net\/wp-content\/uploads\/2021\/06\/edc_17-743x1024.jpg\" alt=\"\" data-id=\"134\" data-full-url=\"http:\/\/xwlbexb.cluster028.hosting.ovh.net\/wp-content\/uploads\/2021\/06\/edc_17.jpg\" data-link=\"http:\/\/xwlbexb.cluster028.hosting.ovh.net\/index.php\/leloge-des-concierges\/edc_17\/\" class=\"wp-image-134\" srcset=\"http:\/\/www.cieminederien.fr\/wp-content\/uploads\/2021\/06\/edc_17-743x1024.jpg 743w, http:\/\/www.cieminederien.fr\/wp-content\/uploads\/2021\/06\/edc_17-218x300.jpg 218w, http:\/\/www.cieminederien.fr\/wp-content\/uploads\/2021\/06\/edc_17-768x1058.jpg 768w, http:\/\/www.cieminederien.fr\/wp-content\/uploads\/2021\/06\/edc_17.jpg 800w\" sizes=\"(max-width: 743px) 100vw, 743px\" \/><\/a><\/figure><\/li><li class=\"blocks-gallery-item\"><figure><a href=\"http:\/\/xwlbexb.cluster028.hosting.ovh.net\/wp-content\/uploads\/2021\/06\/edc_18.jpg\"><img loading=\"lazy\" width=\"768\" height=\"1024\" src=\"http:\/\/xwlbexb.cluster028.hosting.ovh.net\/wp-content\/uploads\/2021\/06\/edc_18-768x1024.jpg\" alt=\"\" data-id=\"135\" data-full-url=\"http:\/\/xwlbexb.cluster028.hosting.ovh.net\/wp-content\/uploads\/2021\/06\/edc_18.jpg\" data-link=\"http:\/\/xwlbexb.cluster028.hosting.ovh.net\/index.php\/leloge-des-concierges\/edc_18\/\" class=\"wp-image-135\" srcset=\"http:\/\/www.cieminederien.fr\/wp-content\/uploads\/2021\/06\/edc_18-768x1024.jpg 768w, http:\/\/www.cieminederien.fr\/wp-content\/uploads\/2021\/06\/edc_18-225x300.jpg 225w, http:\/\/www.cieminederien.fr\/wp-content\/uploads\/2021\/06\/edc_18.jpg 800w\" sizes=\"(max-width: 768px) 100vw, 768px\" \/><\/a><\/figure><\/li><li class=\"blocks-gallery-item\"><figure><a href=\"http:\/\/xwlbexb.cluster028.hosting.ovh.net\/wp-content\/uploads\/2021\/06\/edc_19.jpg\"><img loading=\"lazy\" width=\"746\" height=\"1024\" src=\"http:\/\/xwlbexb.cluster028.hosting.ovh.net\/wp-content\/uploads\/2021\/06\/edc_19-746x1024.jpg\" alt=\"\" data-id=\"136\" data-full-url=\"http:\/\/xwlbexb.cluster028.hosting.ovh.net\/wp-content\/uploads\/2021\/06\/edc_19.jpg\" data-link=\"http:\/\/xwlbexb.cluster028.hosting.ovh.net\/index.php\/leloge-des-concierges\/edc_19\/\" class=\"wp-image-136\" srcset=\"http:\/\/www.cieminederien.fr\/wp-content\/uploads\/2021\/06\/edc_19-746x1024.jpg 746w, http:\/\/www.cieminederien.fr\/wp-content\/uploads\/2021\/06\/edc_19-219x300.jpg 219w, http:\/\/www.cieminederien.fr\/wp-content\/uploads\/2021\/06\/edc_19-768x1054.jpg 768w, http:\/\/www.cieminederien.fr\/wp-content\/uploads\/2021\/06\/edc_19.jpg 800w\" sizes=\"(max-width: 746px) 100vw, 746px\" \/><\/a><\/figure><\/li><\/ul><\/figure>\n\n\n\n<h2>Documents<\/h2>\n\n\n\n<div class=\"wp-block-file\"><a href=\"http:\/\/xwlbexb.cluster028.hosting.ovh.net\/wp-content\/uploads\/2021\/06\/dossier_edc.pdf\">Dossier complet<\/a><a href=\"http:\/\/xwlbexb.cluster028.hosting.ovh.net\/wp-content\/uploads\/2021\/06\/dossier_edc.pdf\" class=\"wp-block-file__button\" download>T\u00e9l\u00e9charger<\/a><\/div>\n\n\n\n<div class=\"wp-block-file\"><a href=\"http:\/\/xwlbexb.cluster028.hosting.ovh.net\/wp-content\/uploads\/2021\/06\/FICHE-TECHNIQUE-EDC.pdf\">Fiche technique<\/a><a href=\"http:\/\/xwlbexb.cluster028.hosting.ovh.net\/wp-content\/uploads\/2021\/06\/FICHE-TECHNIQUE-EDC.pdf\" class=\"wp-block-file__button\" download>T\u00e9l\u00e9charger<\/a><\/div>\n","protected":false},"excerpt":{"rendered":"<p>Berthe&nbsp;et Rose sont l\u00e0, \u201chas been\u201d of course comme leur profession, un peu allum\u00e9es et d\u00e9j\u00e0 largu\u00e9es&#8230;???Berthe se prend vaguement pour une intello et s&rsquo;appr\u00eate \u00e0 lib\u00e9rer sa place. Rose qui se remet non sans mal d&rsquo;un r\u00e9cent traumatisme cr\u00e2nien, est heureuse de la remplacer.Cette passation de poste, en pr\u00e9sence de tous les locataires convi\u00e9s &hellip;<\/p>\n<p class=\"read-more\"> <a class=\"\" href=\"http:\/\/www.cieminederien.fr\/index.php\/leloge-des-concierges\/\"> <span class=\"screen-reader-text\">L&rsquo;\u00c9loge des concierges<\/span> Lire la suite\u00a0\u00bb<\/a><\/p>\n","protected":false},"author":1,"featured_media":0,"parent":0,"menu_order":0,"comment_status":"closed","ping_status":"closed","template":"","meta":[],"_links":{"self":[{"href":"http:\/\/www.cieminederien.fr\/index.php\/wp-json\/wp\/v2\/pages\/45"}],"collection":[{"href":"http:\/\/www.cieminederien.fr\/index.php\/wp-json\/wp\/v2\/pages"}],"about":[{"href":"http:\/\/www.cieminederien.fr\/index.php\/wp-json\/wp\/v2\/types\/page"}],"author":[{"embeddable":true,"href":"http:\/\/www.cieminederien.fr\/index.php\/wp-json\/wp\/v2\/users\/1"}],"replies":[{"embeddable":true,"href":"http:\/\/www.cieminederien.fr\/index.php\/wp-json\/wp\/v2\/comments?post=45"}],"version-history":[{"count":9,"href":"http:\/\/www.cieminederien.fr\/index.php\/wp-json\/wp\/v2\/pages\/45\/revisions"}],"predecessor-version":[{"id":138,"href":"http:\/\/www.cieminederien.fr\/index.php\/wp-json\/wp\/v2\/pages\/45\/revisions\/138"}],"wp:attachment":[{"href":"http:\/\/www.cieminederien.fr\/index.php\/wp-json\/wp\/v2\/media?parent=45"}],"curies":[{"name":"wp","href":"https:\/\/api.w.org\/{rel}","templated":true}]}}