{"id":154,"date":"2021-06-05T19:04:41","date_gmt":"2021-06-05T17:04:41","guid":{"rendered":"http:\/\/xwlbexb.cluster028.hosting.ovh.net\/?page_id=154"},"modified":"2025-07-02T20:59:46","modified_gmt":"2025-07-02T18:59:46","slug":"accueil","status":"publish","type":"page","link":"http:\/\/www.cieminederien.fr\/","title":{"rendered":"Accueil"},"content":{"rendered":"<div class=\"wp-block-image is-style-default\">\n<figure class=\"aligncenter size-full\"><img loading=\"lazy\" width=\"881\" height=\"496\" src=\"http:\/\/www.cieminederien.fr\/wp-content\/uploads\/2024\/02\/ja_5-edited.jpg\" alt=\"\" class=\"wp-image-269\" srcset=\"http:\/\/www.cieminederien.fr\/wp-content\/uploads\/2024\/02\/ja_5-edited.jpg 881w, http:\/\/www.cieminederien.fr\/wp-content\/uploads\/2024\/02\/ja_5-edited-300x169.jpg 300w, http:\/\/www.cieminederien.fr\/wp-content\/uploads\/2024\/02\/ja_5-edited-768x432.jpg 768w\" sizes=\"(max-width: 881px) 100vw, 881px\" \/><\/figure><\/div>\n\n\n<div style=\"height:56px\" aria-hidden=\"true\" class=\"wp-block-spacer\"><\/div>\n\n\n\n<h2 class=\"has-text-color has-medium-font-size\" style=\"color:#d46317\"><strong>J&rsquo;ATTENDRAI<\/strong> \/ NOS PROCHAINES DATES<\/h2>\n\n\n\n<div class=\"wp-container-5 wp-block-columns\">\n<div class=\"wp-container-4 wp-block-column\" style=\"flex-basis:100%\">\n<div class=\"wp-container-3 is-vertical is-content-justification-left wp-block-group\">\n<div class=\"wp-container-2 wp-block-columns alignfull are-vertically-aligned-top has-white-background-color has-text-color has-background\" style=\"color:#000000\">\n<div class=\"wp-container-1 wp-block-column\">\n<h3 class=\"has-luminous-vivid-orange-color has-text-color\"><strong>Saison estivale<\/strong> \/ Bagnols-sur-C\u00e8ze<\/h3>\n\n\n\n<p>Programm\u00e9 dans le cadre de la saison estivale<br>Parking Cour Saint-Maur<br>Rue Saint-Bernard<br>30205 BAGNOLS-SUR-C\u00c8ZE <br><strong><mark style=\"background-color:rgba(0, 0, 0, 0)\" class=\"has-inline-color has-vivid-cyan-blue-color\">MARDI 22 JUILLET 2025 \u00c0 21H15<\/mark><\/strong><\/p>\n<\/div>\n<\/div>\n<\/div>\n<\/div>\n<\/div>\n\n\n\n<hr class=\"wp-block-separator has-css-opacity\"\/>\n\n\n<div class=\"wp-block-image\">\n<figure class=\"aligncenter size-large is-resized\"><img loading=\"lazy\" src=\"http:\/\/www.cieminederien.fr\/wp-content\/uploads\/2021\/06\/edc_15-768x1024.jpg\" alt=\"\" class=\"wp-image-132\" width=\"768\" height=\"1024\" srcset=\"http:\/\/www.cieminederien.fr\/wp-content\/uploads\/2021\/06\/edc_15-768x1024.jpg 768w, http:\/\/www.cieminederien.fr\/wp-content\/uploads\/2021\/06\/edc_15-225x300.jpg 225w, http:\/\/www.cieminederien.fr\/wp-content\/uploads\/2021\/06\/edc_15.jpg 800w\" sizes=\"(max-width: 768px) 100vw, 768px\" \/><\/figure><\/div>\n\n\n<div style=\"height:88px\" aria-hidden=\"true\" class=\"wp-block-spacer\"><\/div>\n\n\n\n<h2 class=\"has-text-color has-medium-font-size\" style=\"color:#d46317\"><strong>L&rsquo;\u00c9LOGE DES CONCIERGES<\/strong> \/ NOS PROCHAINES DATES<\/h2>\n\n\n\n<div class=\"wp-container-11 wp-block-columns are-vertically-aligned-center\">\n<div class=\"wp-container-9 wp-block-column is-vertically-aligned-center\">\n<div class=\"wp-container-7 wp-block-columns alignfull has-white-background-color has-text-color has-background\" style=\"color:#000000\">\n<div class=\"wp-container-6 wp-block-column\">\n<h3 class=\"alignwide has-text-align-left has-luminous-vivid-orange-color has-text-color\"><strong><strong>Saison culturelle<\/strong> \/ <\/strong>Chabeuil<\/h3>\n\n\n\n<p>Programm\u00e9 dans le cadre de la saison culturelle de CHABEUIL<br>Centre culturel de Chabeuil<br>Chemin du Pr\u00e9 aux Dames<br>26120 CHABEUIL<br><strong><mark style=\"background-color:rgba(0, 0, 0, 0)\" class=\"has-inline-color has-vivid-cyan-blue-color\">SAMEDI 29 NOVEMBRE 2025 \u00c0 20H30<\/mark><\/strong><\/p>\n<\/div>\n<\/div>\n\n\n\n<div class=\"wp-container-8 wp-block-group\"><div class=\"wp-block-group__inner-container\"><\/div><\/div>\n<\/div>\n\n\n\n<div class=\"wp-container-10 wp-block-column is-vertically-aligned-center\"><\/div>\n<\/div>\n\n\n\n<p><\/p>\n\n\n\n<p class=\"has-text-color\" style=\"color:#d4550b\"><strong>\u00ab<em>L&rsquo;art du clown va bien au del\u00e0 de ce que l&rsquo;on pense.<br>Il n&rsquo;est ni tragique, ni comique ;<br>Il est le miroir comique de la trag\u00e9die et le miroir tragique de la com\u00e9die.<\/em>\u00bb<br><em>Andr\u00e9 Suar\u00e8s Remarques &#8211; Essais sur le clown<\/em><\/strong><\/p>\n","protected":false},"excerpt":{"rendered":"<p>J&rsquo;ATTENDRAI \/ NOS PROCHAINES DATES Saison estivale \/ Bagnols-sur-C\u00e8ze Programm\u00e9 dans le cadre de la saison estivaleParking Cour Saint-MaurRue Saint-Bernard30205 BAGNOLS-SUR-C\u00c8ZE MARDI 22 JUILLET 2025 \u00c0 21H15 L&rsquo;\u00c9LOGE DES CONCIERGES \/ NOS PROCHAINES DATES Saison culturelle \/ Chabeuil Programm\u00e9 dans le cadre de la saison culturelle de CHABEUILCentre culturel de ChabeuilChemin du Pr\u00e9 aux Dames26120 &hellip;<\/p>\n<p class=\"read-more\"> <a class=\"\" href=\"http:\/\/www.cieminederien.fr\/\"> <span class=\"screen-reader-text\">Accueil<\/span> Lire la suite\u00a0\u00bb<\/a><\/p>\n","protected":false},"author":1,"featured_media":0,"parent":0,"menu_order":0,"comment_status":"closed","ping_status":"closed","template":"","meta":[],"_links":{"self":[{"href":"http:\/\/www.cieminederien.fr\/index.php\/wp-json\/wp\/v2\/pages\/154"}],"collection":[{"href":"http:\/\/www.cieminederien.fr\/index.php\/wp-json\/wp\/v2\/pages"}],"about":[{"href":"http:\/\/www.cieminederien.fr\/index.php\/wp-json\/wp\/v2\/types\/page"}],"author":[{"embeddable":true,"href":"http:\/\/www.cieminederien.fr\/index.php\/wp-json\/wp\/v2\/users\/1"}],"replies":[{"embeddable":true,"href":"http:\/\/www.cieminederien.fr\/index.php\/wp-json\/wp\/v2\/comments?post=154"}],"version-history":[{"count":57,"href":"http:\/\/www.cieminederien.fr\/index.php\/wp-json\/wp\/v2\/pages\/154\/revisions"}],"predecessor-version":[{"id":295,"href":"http:\/\/www.cieminederien.fr\/index.php\/wp-json\/wp\/v2\/pages\/154\/revisions\/295"}],"wp:attachment":[{"href":"http:\/\/www.cieminederien.fr\/index.php\/wp-json\/wp\/v2\/media?parent=154"}],"curies":[{"name":"wp","href":"https:\/\/api.w.org\/{rel}","templated":true}]}}